{"id":16,"date":"2025-02-09T23:29:02","date_gmt":"2025-02-09T20:29:02","guid":{"rendered":"https:\/\/www.arvgroup.com.tr\/iletisim-4\/"},"modified":"2025-07-14T14:12:38","modified_gmt":"2025-07-14T11:12:38","slug":"contact","status":"publish","type":"page","link":"https:\/\/www.arvgroup.com.tr\/en\/contact\/","title":{"rendered":"Contact"},"content":{"rendered":"\n<div class=\"wp-block-group alignfull contact-map has-black-transparent-2-background-color has-background is-layout-flow wp-block-group-is-layout-flow\" style=\"margin-top:0;margin-bottom:0;padding-top:0;padding-bottom:0\">\n<iframe src=\"https:\/\/www.google.com\/maps\/embed?pb=!1m18!1m12!1m3!1d3010.1532096928813!2d28.599386876529387!3d41.02190391858499!2m3!1f0!2f0!3f0!3m2!1i1024!2i768!4f13.1!3m3!1m2!1s0x14b55fb85d90e1e5%3A0xb9c21a748cee0347!2sARV%20GROUP%20KURUMSAL%20H%C4%B0Z%20A.%C5%9E.!5e0!3m2!1str!2str!4v1745304602885!5m2!1str!2str\" width=\"600\" height=\"450\" style=\"border:0;\" allowfullscreen=\"\" loading=\"lazy\" referrerpolicy=\"no-referrer-when-downgrade\"><\/iframe>\n<\/div>\n\n\n\n<div class=\"wp-block-group alignfull has-background has-global-padding is-layout-constrained wp-block-group-is-layout-constrained\" style=\"background-color:#f7f7f7;margin-top:0;margin-bottom:0;padding-top:var(--wp--preset--spacing--60);padding-bottom:var(--wp--preset--spacing--60)\">\n<div class=\"wp-block-columns are-vertically-aligned-bottom is-layout-flex wp-container-core-columns-is-layout-d76c625d wp-block-columns-is-layout-flex\">\n<div class=\"wp-block-column is-vertically-aligned-bottom is-layout-flow wp-block-column-is-layout-flow\" style=\"flex-basis:60%\">\n<div class=\"wp-block-group has-global-padding is-layout-constrained wp-container-core-group-is-layout-e0082cf6 wp-block-group-is-layout-constrained\">\n<div class=\"wp-block-group is-content-justification-left is-nowrap is-layout-flex wp-container-core-group-is-layout-fc9f69e7 wp-block-group-is-layout-flex\">\n<div class=\"wp-block-group has-black-color has-secondary-background-color has-text-color has-background has-link-color wp-elements-f311b1dffbc4d8e74a745e464e9077c4 has-global-padding is-layout-constrained wp-container-core-group-is-layout-df8428a5 wp-block-group-is-layout-constrained\" style=\"padding-top:0;padding-right:var(--wp--preset--spacing--30);padding-bottom:0;padding-left:var(--wp--preset--spacing--30)\">\n<p class=\"has-c-2-color has-text-color has-link-color has-small-font-size wp-elements-c5bce5972ccead98278403d1389a07c1\">Contact Us<\/p>\n<\/div>\n<\/div>\n\n\n\n<h1 class=\"wp-block-heading has-text-align-left\">Are You Ready to Work With Us?<\/h1>\n\n\n\n<p>You can contact us using the information below.<\/p>\n<\/div>\n\n\n\n<div class=\"wp-block-group is-layout-grid wp-container-core-group-is-layout-d33bc3c1 wp-block-group-is-layout-grid\">\n<div class=\"wp-block-group has-black-transparent-1-background-color has-background is-nowrap is-layout-flex wp-container-core-group-is-layout-6c531013 wp-block-group-is-layout-flex\" style=\"border-radius:5px\">\n<div class=\"wp-block-group has-black-transparent-1-background-color has-background has-global-padding is-layout-constrained wp-container-core-group-is-layout-52009084 wp-block-group-is-layout-constrained\" style=\"border-top-left-radius:5px;border-bottom-left-radius:5px;padding-top:var(--wp--preset--spacing--40);padding-right:var(--wp--preset--spacing--40);padding-bottom:var(--wp--preset--spacing--40);padding-left:var(--wp--preset--spacing--40)\"><div class=\"safirIconContainer left wp-elements-7a00eaa5d140ac54fb613051f40ba57c\">\n\t<div  style=\"--size:30px;--hover-text-color:; --hover-bg-color:;\" class=\"wp-elements-7a00eaa5d140ac54fb613051f40ba57c wp-block-safirtema-safiricon has-text-color has-blue-color\">\n\t\t<svg width=\"30px\" height=\"30px\" class=\"safiricon-konum\">\n\t\t\t<use href=\"#safiricon-konum\" \/>\n\t\t<\/svg>\n\t<\/div>\n<\/div><\/div>\n\n\n\n<div class=\"wp-block-group has-global-padding is-layout-constrained wp-container-core-group-is-layout-19e250f3 wp-block-group-is-layout-constrained\">\n<h2 class=\"wp-block-heading has-medium-font-size\" style=\"font-style:normal;font-weight:500\">Head Office<\/h2>\n\n\n\n<p class=\"has-black-transparent-5-color has-text-color has-link-color has-medium-font-size wp-elements-0e00bdf4a9717e4269434fc0717196b6\">B\u00fcy\u00fck\u00e7ekmece \/ \u0130stanbul<\/p>\n<\/div>\n<\/div>\n\n\n\n<div class=\"wp-block-group has-black-transparent-1-background-color has-background is-nowrap is-layout-flex wp-container-core-group-is-layout-6c531013 wp-block-group-is-layout-flex\" style=\"border-radius:5px\">\n<div class=\"wp-block-group has-black-transparent-1-background-color has-background has-global-padding is-layout-constrained wp-container-core-group-is-layout-52009084 wp-block-group-is-layout-constrained\" style=\"border-top-left-radius:5px;border-bottom-left-radius:5px;padding-top:var(--wp--preset--spacing--40);padding-right:var(--wp--preset--spacing--40);padding-bottom:var(--wp--preset--spacing--40);padding-left:var(--wp--preset--spacing--40)\"><div class=\"safirIconContainer left wp-elements-021c5ea373e9ec84e4362ec3942a0e84\">\n\t<div  style=\"--size:30px;--hover-text-color:; --hover-bg-color:;\" class=\"wp-elements-021c5ea373e9ec84e4362ec3942a0e84 wp-block-safirtema-safiricon has-text-color has-blue-color\">\n\t\t<svg width=\"30px\" height=\"30px\" class=\"safiricon-email\">\n\t\t\t<use href=\"#safiricon-email\" \/>\n\t\t<\/svg>\n\t<\/div>\n<\/div><\/div>\n\n\n\n<div class=\"wp-block-group has-global-padding is-layout-constrained wp-container-core-group-is-layout-19e250f3 wp-block-group-is-layout-constrained\">\n<h2 class=\"wp-block-heading has-medium-font-size\" style=\"font-style:normal;font-weight:500\">Email<\/h2>\n\n\n\n<p class=\"has-black-transparent-5-color has-text-color has-link-color has-medium-font-size wp-elements-70f85e2b5352536b73e9a64d3c579c9e\"><a target=\"_blank\" href=\"mailto:info@arvgroup.com.tr\">info@arvgroup.com.tr<\/a><\/p>\n<\/div>\n<\/div>\n\n\n\n<div class=\"wp-block-group has-black-transparent-1-background-color has-background is-nowrap is-layout-flex wp-container-core-group-is-layout-6c531013 wp-block-group-is-layout-flex\" style=\"border-radius:5px\">\n<div class=\"wp-block-group has-black-transparent-1-background-color has-background has-global-padding is-layout-constrained wp-container-core-group-is-layout-52009084 wp-block-group-is-layout-constrained\" style=\"border-top-left-radius:5px;border-bottom-left-radius:5px;padding-top:var(--wp--preset--spacing--40);padding-right:var(--wp--preset--spacing--40);padding-bottom:var(--wp--preset--spacing--40);padding-left:var(--wp--preset--spacing--40)\"><div class=\"safirIconContainer left wp-elements-ff73b503f85b1b022b8d5233af956f89\">\n\t<div  style=\"--size:30px;--hover-text-color:; --hover-bg-color:;\" class=\"wp-elements-ff73b503f85b1b022b8d5233af956f89 wp-block-safirtema-safiricon has-text-color has-blue-color\">\n\t\t<svg width=\"30px\" height=\"30px\" class=\"safiricon-telefon\">\n\t\t\t<use href=\"#safiricon-telefon\" \/>\n\t\t<\/svg>\n\t<\/div>\n<\/div><\/div>\n\n\n\n<div class=\"wp-block-group has-global-padding is-layout-constrained wp-container-core-group-is-layout-19e250f3 wp-block-group-is-layout-constrained\">\n<h2 class=\"wp-block-heading has-medium-font-size\" style=\"font-style:normal;font-weight:500\">Phone<\/h2>\n\n\n\n<p class=\"has-black-transparent-5-color has-text-color has-link-color has-medium-font-size wp-elements-43803feb1b96536966150e2a66669799\"><a target=\"_blank\" href=\"tel:+902128093737\">+90 212 809 37 37<\/a><\/p>\n<\/div>\n<\/div>\n\n\n\n<div class=\"wp-block-group has-black-transparent-1-background-color has-background is-nowrap is-layout-flex wp-container-core-group-is-layout-6c531013 wp-block-group-is-layout-flex\" style=\"border-radius:5px\">\n<div class=\"wp-block-group has-black-transparent-1-background-color has-background has-global-padding is-layout-constrained wp-container-core-group-is-layout-52009084 wp-block-group-is-layout-constrained\" style=\"border-top-left-radius:5px;border-bottom-left-radius:5px;padding-top:var(--wp--preset--spacing--40);padding-right:var(--wp--preset--spacing--40);padding-bottom:var(--wp--preset--spacing--40);padding-left:var(--wp--preset--spacing--40)\"><div class=\"safirIconContainer left wp-elements-50cd03c6f0998f784b6f9ffeaa61fa5c\">\n\t<div  style=\"--size:30px;--hover-text-color:; --hover-bg-color:;\" class=\"wp-elements-50cd03c6f0998f784b6f9ffeaa61fa5c wp-block-safirtema-safiricon has-text-color has-blue-color\">\n\t\t<svg width=\"30px\" height=\"30px\" class=\"safiricon-ceptelefonu\">\n\t\t\t<use href=\"#safiricon-ceptelefonu\" \/>\n\t\t<\/svg>\n\t<\/div>\n<\/div><\/div>\n\n\n\n<div class=\"wp-block-group has-global-padding is-layout-constrained wp-container-core-group-is-layout-19e250f3 wp-block-group-is-layout-constrained\">\n<h2 class=\"wp-block-heading has-medium-font-size\" style=\"font-style:normal;font-weight:500\">Phone<\/h2>\n\n\n\n<p class=\"has-black-transparent-5-color has-text-color has-link-color has-medium-font-size wp-elements-cb3294e715ca4e4609461f911b98af07\"><a target=\"_blank\" href=\"tel:+902128093737\">+90 212 809 37 37<\/a><\/p>\n<\/div>\n<\/div>\n\n\n\n<div class=\"wp-block-group has-black-transparent-1-background-color has-background is-nowrap is-layout-flex wp-container-core-group-is-layout-6c531013 wp-block-group-is-layout-flex\" style=\"border-radius:5px\">\n<div class=\"wp-block-group has-black-transparent-1-background-color has-background has-global-padding is-layout-constrained wp-container-core-group-is-layout-52009084 wp-block-group-is-layout-constrained\" style=\"border-top-left-radius:5px;border-bottom-left-radius:5px;padding-top:var(--wp--preset--spacing--40);padding-right:var(--wp--preset--spacing--40);padding-bottom:var(--wp--preset--spacing--40);padding-left:var(--wp--preset--spacing--40)\"><div class=\"safirIconContainer left wp-elements-43892152ee4b6c2c2ac4ed7ac1ba9724\">\n\t<div  style=\"--size:30px;--hover-text-color:; --hover-bg-color:;\" class=\"wp-elements-43892152ee4b6c2c2ac4ed7ac1ba9724 wp-block-safirtema-safiricon has-text-color has-blue-color\">\n\t\t<svg width=\"30px\" height=\"30px\" class=\"safiricon-soc2_facebook\">\n\t\t\t<use href=\"#safiricon-soc2_facebook\" \/>\n\t\t<\/svg>\n\t<\/div>\n<\/div><\/div>\n\n\n\n<div class=\"wp-block-group has-global-padding is-layout-constrained wp-container-core-group-is-layout-19e250f3 wp-block-group-is-layout-constrained\">\n<h2 class=\"wp-block-heading has-medium-font-size\" style=\"font-style:normal;font-weight:500\">Facebook<\/h2>\n\n\n\n<p class=\"has-black-transparent-5-color has-text-color has-link-color has-medium-font-size wp-elements-5bfce1ac46655e19634491057c849e46\">facebook.com\/Arvgrouptr<\/p>\n<\/div>\n<\/div>\n\n\n\n<div class=\"wp-block-group has-black-transparent-1-background-color has-background is-nowrap is-layout-flex wp-container-core-group-is-layout-6c531013 wp-block-group-is-layout-flex\" style=\"border-radius:5px\">\n<div class=\"wp-block-group has-black-transparent-1-background-color has-background has-global-padding is-layout-constrained wp-container-core-group-is-layout-52009084 wp-block-group-is-layout-constrained\" style=\"border-top-left-radius:5px;border-bottom-left-radius:5px;padding-top:var(--wp--preset--spacing--40);padding-right:var(--wp--preset--spacing--40);padding-bottom:var(--wp--preset--spacing--40);padding-left:var(--wp--preset--spacing--40)\"><div class=\"safirIconContainer left wp-elements-e0694e5d4d2c5f2dcd2747634e3093e3\">\n\t<div  style=\"--size:30px;--hover-text-color:; --hover-bg-color:;\" class=\"wp-elements-e0694e5d4d2c5f2dcd2747634e3093e3 wp-block-safirtema-safiricon has-text-color has-blue-color\">\n\t\t<svg width=\"30px\" height=\"30px\" class=\"safiricon-soc2_instagram\">\n\t\t\t<use href=\"#safiricon-soc2_instagram\" \/>\n\t\t<\/svg>\n\t<\/div>\n<\/div><\/div>\n\n\n\n<div class=\"wp-block-group has-global-padding is-layout-constrained wp-container-core-group-is-layout-19e250f3 wp-block-group-is-layout-constrained\">\n<h2 class=\"wp-block-heading has-medium-font-size\" style=\"font-style:normal;font-weight:500\">Instagram<\/h2>\n\n\n\n<p class=\"has-black-transparent-5-color has-text-color has-link-color has-medium-font-size wp-elements-4e54429512a07b86723faaeade8f70c3\">instagram.com\/arvgrouptr<\/p>\n<\/div>\n<\/div>\n\n\n\n<div class=\"wp-block-group has-black-transparent-1-background-color has-background is-nowrap is-layout-flex wp-container-core-group-is-layout-6c531013 wp-block-group-is-layout-flex\" style=\"border-radius:5px\">\n<div class=\"wp-block-group has-black-transparent-1-background-color has-background has-global-padding is-layout-constrained wp-container-core-group-is-layout-52009084 wp-block-group-is-layout-constrained\" style=\"border-top-left-radius:5px;border-bottom-left-radius:5px;padding-top:var(--wp--preset--spacing--40);padding-right:var(--wp--preset--spacing--40);padding-bottom:var(--wp--preset--spacing--40);padding-left:var(--wp--preset--spacing--40)\"><div class=\"safirIconContainer left wp-elements-cac1fa47c682ce7758e003f9e955d9dd\">\n\t<div  style=\"--size:30px;--hover-text-color:; --hover-bg-color:;\" class=\"wp-elements-cac1fa47c682ce7758e003f9e955d9dd wp-block-safirtema-safiricon has-text-color has-blue-color\">\n\t\t<svg width=\"30px\" height=\"30px\" class=\"safiricon-whatsapp\">\n\t\t\t<use href=\"#safiricon-whatsapp\" \/>\n\t\t<\/svg>\n\t<\/div>\n<\/div><\/div>\n\n\n\n<div class=\"wp-block-group has-global-padding is-layout-constrained wp-container-core-group-is-layout-19e250f3 wp-block-group-is-layout-constrained\">\n<h2 class=\"wp-block-heading has-medium-font-size\" style=\"font-style:normal;font-weight:500\">Whatsapp<\/h2>\n\n\n\n<p class=\"has-black-transparent-5-color has-text-color has-link-color has-medium-font-size wp-elements-760304ec581e20c88c503a24f8ce261d\"><a target=\"_blank\" href=\"https:\/\/wa.me\/90+905382113470\" rel=\"nofollow noopener\">+90 538 211 34 70<\/a><\/p>\n<\/div>\n<\/div>\n\n\n\n<div class=\"wp-block-group has-black-transparent-1-background-color has-background is-nowrap is-layout-flex wp-container-core-group-is-layout-6c531013 wp-block-group-is-layout-flex\" style=\"border-radius:5px\">\n<div class=\"wp-block-group has-black-transparent-1-background-color has-background has-global-padding is-layout-constrained wp-container-core-group-is-layout-52009084 wp-block-group-is-layout-constrained\" style=\"border-top-left-radius:5px;border-bottom-left-radius:5px;padding-top:var(--wp--preset--spacing--40);padding-right:var(--wp--preset--spacing--40);padding-bottom:var(--wp--preset--spacing--40);padding-left:var(--wp--preset--spacing--40)\"><div class=\"safirIconContainer left wp-elements-dfc0226c20a79fe32c248c915cae28ae\">\n\t<div  style=\"--size:30px;--hover-text-color:; --hover-bg-color:;\" class=\"wp-elements-dfc0226c20a79fe32c248c915cae28ae wp-block-safirtema-safiricon has-text-color has-blue-color\">\n\t\t<svg width=\"30px\" height=\"30px\" class=\"safiricon-saat\">\n\t\t\t<use href=\"#safiricon-saat\" \/>\n\t\t<\/svg>\n\t<\/div>\n<\/div><\/div>\n\n\n\n<div class=\"wp-block-group has-global-padding is-layout-constrained wp-container-core-group-is-layout-19e250f3 wp-block-group-is-layout-constrained\">\n<h2 class=\"wp-block-heading has-medium-font-size\" style=\"font-style:normal;font-weight:500\">Working Hours<\/h2>\n\n\n\n<p class=\"has-black-transparent-5-color has-text-color has-link-color has-medium-font-size wp-elements-36f0366c9aecc388e6c6189e1f493ea9\">Weekdays 08:30 &#8211; 18:00<\/p>\n<\/div>\n<\/div>\n<\/div>\n<\/div>\n\n\n\n<div class=\"wp-block-column is-vertically-aligned-bottom is-layout-flow wp-block-column-is-layout-flow\" style=\"flex-basis:40%\">\n<div class=\"wp-block-contact-form-7-contact-form-selector\">\n<div class=\"wpcf7 no-js\" id=\"wpcf7-f722-o1\" lang=\"tr-TR\" dir=\"ltr\" data-wpcf7-id=\"722\">\n<div class=\"screen-reader-response\"><p role=\"status\" aria-live=\"polite\" aria-atomic=\"true\"><\/p> <ul><\/ul><\/div>\n<form action=\"\/en\/wp-json\/wp\/v2\/pages\/16#wpcf7-f722-o1\" method=\"post\" class=\"wpcf7-form init\" aria-label=\"\u0130leti\u015fim Formu\" novalidate=\"novalidate\" data-status=\"init\">\n<fieldset class=\"hidden-fields-container\"><input type=\"hidden\" name=\"_wpcf7\" value=\"722\" \/><input type=\"hidden\" name=\"_wpcf7_version\" value=\"6.1.5\" \/><input type=\"hidden\" name=\"_wpcf7_locale\" value=\"tr_TR\" \/><input type=\"hidden\" name=\"_wpcf7_unit_tag\" value=\"wpcf7-f722-o1\" \/><input type=\"hidden\" name=\"_wpcf7_container_post\" value=\"0\" \/><input type=\"hidden\" name=\"_wpcf7_posted_data_hash\" value=\"\" \/>\n<\/fieldset>\n<div class=\"safirForm\">\n\t<div class=\"safirLeft\">\n\t\t<p class=\"safiricon kurumsal\"><span class=\"wpcf7-form-control-wrap\" data-name=\"adsoyad\"><input size=\"40\" maxlength=\"400\" class=\"wpcf7-form-control wpcf7-text wpcf7-validates-as-required\" aria-required=\"true\" aria-invalid=\"false\" placeholder=\"Your Name and Surname\" value=\"\" type=\"text\" name=\"adsoyad\" \/><\/span>\n\t\t<\/p>\n\t\t<p class=\"safiricon email\"><span class=\"wpcf7-form-control-wrap\" data-name=\"email\"><input size=\"40\" maxlength=\"400\" class=\"wpcf7-form-control wpcf7-email wpcf7-validates-as-required wpcf7-text wpcf7-validates-as-email\" aria-required=\"true\" aria-invalid=\"false\" placeholder=\"Your Email Address\" value=\"\" type=\"email\" name=\"email\" \/><\/span>\n\t\t<\/p>\n\t\t<p class=\"safiricon telefon\"><span class=\"wpcf7-form-control-wrap\" data-name=\"telefon\"><input size=\"40\" maxlength=\"400\" class=\"wpcf7-form-control wpcf7-tel wpcf7-validates-as-required wpcf7-text wpcf7-validates-as-tel\" aria-required=\"true\" aria-invalid=\"false\" placeholder=\"Your Phone Number\" value=\"\" type=\"tel\" name=\"telefon\" \/><\/span>\n\t\t<\/p>\n\t\t<p class=\"safiricon liste\"><span class=\"wpcf7-form-control-wrap\" data-name=\"konu\"><input size=\"40\" maxlength=\"400\" class=\"wpcf7-form-control wpcf7-text wpcf7-validates-as-required\" aria-required=\"true\" aria-invalid=\"false\" placeholder=\"Subject\" value=\"\" type=\"text\" name=\"konu\" \/><\/span>\n\t\t<\/p>\n\t<\/div>\n\t<div class=\"safirRight\">\n\t\t<p class=\"safiricon alinti\"><span class=\"wpcf7-form-control-wrap\" data-name=\"mesaj\"><textarea cols=\"40\" rows=\"10\" maxlength=\"2000\" class=\"wpcf7-form-control wpcf7-textarea\" aria-invalid=\"false\" placeholder=\"Write your message here\" name=\"mesaj\"><\/textarea><\/span>\n\t\t<\/p>\n\t\t<p><input class=\"wpcf7-form-control wpcf7-submit has-spinner safirButton\" type=\"submit\" value=\"SEND MESSAGE\" \/>\n\t\t<\/p>\n\t<\/div>\n<\/div><div class=\"wpcf7-response-output\" aria-hidden=\"true\"><\/div>\n<\/form>\n<\/div>\n<\/div>\n<\/div>\n<\/div>\n<\/div>\n\n\n\n<p><\/p>\n","protected":false},"excerpt":{"rendered":"<p>Contact Us Are You Ready to Work With Us? You can contact us using the information below. Head Office B\u00fcy\u00fck\u00e7ekmece \/ \u0130stanbul Email info@arvgroup.com.tr Phone +90 212 809 37 37 Phone +90 212 809 37 37 Facebook facebook.com\/Arvgrouptr Instagram instagram.com\/arvgrouptr Whatsapp +90 538 211 34 70 Working Hours Weekdays 08:30 &#8211; 18:00<\/p>\n","protected":false},"author":1,"featured_media":0,"parent":0,"menu_order":0,"comment_status":"closed","ping_status":"closed","template":"no-picheader","meta":{"fiyat":"","metin":"","footnotes":""},"class_list":["post-16","page","type-page","status-publish","hentry"],"_links":{"self":[{"href":"https:\/\/www.arvgroup.com.tr\/en\/wp-json\/wp\/v2\/pages\/16","targetHints":{"allow":["GET"]}}],"collection":[{"href":"https:\/\/www.arvgroup.com.tr\/en\/wp-json\/wp\/v2\/pages"}],"about":[{"href":"https:\/\/www.arvgroup.com.tr\/en\/wp-json\/wp\/v2\/types\/page"}],"author":[{"embeddable":true,"href":"https:\/\/www.arvgroup.com.tr\/en\/wp-json\/wp\/v2\/users\/1"}],"replies":[{"embeddable":true,"href":"https:\/\/www.arvgroup.com.tr\/en\/wp-json\/wp\/v2\/comments?post=16"}],"version-history":[{"count":7,"href":"https:\/\/www.arvgroup.com.tr\/en\/wp-json\/wp\/v2\/pages\/16\/revisions"}],"predecessor-version":[{"id":2547,"href":"https:\/\/www.arvgroup.com.tr\/en\/wp-json\/wp\/v2\/pages\/16\/revisions\/2547"}],"wp:attachment":[{"href":"https:\/\/www.arvgroup.com.tr\/en\/wp-json\/wp\/v2\/media?parent=16"}],"curies":[{"name":"wp","href":"https:\/\/api.w.org\/{rel}","templated":true}]}}